{"id":962,"date":"2025-12-29T12:43:17","date_gmt":"2025-12-29T11:43:17","guid":{"rendered":"https:\/\/etd-dev.host3ip.eu\/curso\/fons-dinversio-i-gestio-delegada\/"},"modified":"2026-01-28T19:26:38","modified_gmt":"2026-01-28T18:26:38","slug":"fons-dinversio-i-gestio-delegada","status":"publish","type":"product","link":"https:\/\/etd-dev.host3ip.eu\/ca\/curs\/fons-dinversio-i-gestio-delegada\/","title":{"rendered":"Fons d&#8217;inversi\u00f3 i mandats de gesti\u00f3"},"content":{"rendered":"<p>Aquest curs t&#8217;ajudar\u00e0 a entendre com funcionen els fons d&#8217;inversi\u00f3 i els mandats de gesti\u00f3, i quan t\u00e9 sentit delegar la gesti\u00f3 a professionals. Aprendr\u00e0s a diferenciar entre els diferents tipus de fons, a analitzar-ne la rendibilitat, el risc i les comissions, i a comparar-los de manera objectiva Tamb\u00e9 descobrir\u00e0s com triar els vehicles m\u00e9s adequats segons el teu perfil, l&#8217;horitz\u00f3 temporal i els objectius financers. Al final, tindreu criteris clars per decidir si la gesti\u00f3 delegada \u00e9s adequada per a vosaltres i com integrar-la correctament a la vostra estrat\u00e8gia de gesti\u00f3 de patrimoni.<\/p>\n","protected":false},"excerpt":{"rendered":"<p>Aquest curs t&#8217;ajudar\u00e0 a entendre com funcionen els fons d&#8217;inversi\u00f3 i els mandats de gesti\u00f3, i quan t\u00e9 sentit delegar la gesti\u00f3 a professionals.<\/p>\n","protected":false},"featured_media":1056,"comment_status":"open","ping_status":"closed","template":"","meta":{"_acf_changed":false,"inline_featured_image":false,"_uag_custom_page_level_css":"","site-sidebar-layout":"default","site-content-layout":"","ast-site-content-layout":"default","site-content-style":"default","site-sidebar-style":"default","ast-global-header-display":"","ast-banner-title-visibility":"","ast-main-header-display":"","ast-hfb-above-header-display":"","ast-hfb-below-header-display":"","ast-hfb-mobile-header-display":"","site-post-title":"","ast-breadcrumbs-content":"","ast-featured-img":"","footer-sml-layout":"","ast-disable-related-posts":"","theme-transparent-header-meta":"default","adv-header-id-meta":"","stick-header-meta":"default","header-above-stick-meta":"","header-main-stick-meta":"","header-below-stick-meta":"","astra-migrate-meta-layouts":"set","ast-page-background-enabled":"default","ast-page-background-meta":{"desktop":{"background-color":"var(--ast-global-color-5)","background-image":"","background-repeat":"repeat","background-position":"center center","background-size":"auto","background-attachment":"scroll","background-type":"","background-media":"","overlay-type":"","overlay-color":"","overlay-opacity":"","overlay-gradient":""},"tablet":{"background-color":"","background-image":"","background-repeat":"repeat","background-position":"center center","background-size":"auto","background-attachment":"scroll","background-type":"","background-media":"","overlay-type":"","overlay-color":"","overlay-opacity":"","overlay-gradient":""},"mobile":{"background-color":"","background-image":"","background-repeat":"repeat","background-position":"center center","background-size":"auto","background-attachment":"scroll","background-type":"","background-media":"","overlay-type":"","overlay-color":"","overlay-opacity":"","overlay-gradient":""}},"ast-content-background-meta":{"desktop":{"background-color":"var(--ast-global-color-4)","background-image":"","background-repeat":"repeat","background-position":"center center","background-size":"auto","background-attachment":"scroll","background-type":"","background-media":"","overlay-type":"","overlay-color":"","overlay-opacity":"","overlay-gradient":""},"tablet":{"background-color":"var(--ast-global-color-4)","background-image":"","background-repeat":"repeat","background-position":"center center","background-size":"auto","background-attachment":"scroll","background-type":"","background-media":"","overlay-type":"","overlay-color":"","overlay-opacity":"","overlay-gradient":""},"mobile":{"background-color":"var(--ast-global-color-4)","background-image":"","background-repeat":"repeat","background-position":"center center","background-size":"auto","background-attachment":"scroll","background-type":"","background-media":"","overlay-type":"","overlay-color":"","overlay-opacity":"","overlay-gradient":""}}},"tipo":[33],"product_brand":[],"product_cat":[31],"product_tag":[],"class_list":{"0":"post-962","1":"product","2":"type-product","3":"status-publish","4":"has-post-thumbnail","6":"tipo-apren-a-invertir","7":"product_cat-sin-categoria","8":"desktop-align-left","9":"tablet-align-left","10":"mobile-align-left","11":"ast-product-gallery-layout-horizontal-slider","12":"ast-product-gallery-with-no-image","13":"ast-product-tabs-layout-horizontal","15":"first","16":"instock","17":"virtual","18":"sold-individually","19":"taxable","20":"purchasable","21":"product-type-simple"},"acf":[],"spectra_custom_meta":{"_uagb_previous_block_counts":["a:90:{s:21:\"uagb\/advanced-heading\";i:0;s:15:\"uagb\/blockquote\";i:0;s:12:\"uagb\/buttons\";i:0;s:18:\"uagb\/buttons-child\";i:0;s:19:\"uagb\/call-to-action\";i:0;s:15:\"uagb\/cf7-styler\";i:0;s:11:\"uagb\/column\";i:0;s:12:\"uagb\/columns\";i:0;s:14:\"uagb\/container\";i:0;s:21:\"uagb\/content-timeline\";i:0;s:27:\"uagb\/content-timeline-child\";i:0;s:14:\"uagb\/countdown\";i:0;s:12:\"uagb\/counter\";i:0;s:8:\"uagb\/faq\";i:0;s:14:\"uagb\/faq-child\";i:0;s:10:\"uagb\/forms\";i:0;s:17:\"uagb\/forms-accept\";i:0;s:19:\"uagb\/forms-checkbox\";i:0;s:15:\"uagb\/forms-date\";i:0;s:16:\"uagb\/forms-email\";i:0;s:17:\"uagb\/forms-hidden\";i:0;s:15:\"uagb\/forms-name\";i:0;s:16:\"uagb\/forms-phone\";i:0;s:16:\"uagb\/forms-radio\";i:0;s:17:\"uagb\/forms-select\";i:0;s:19:\"uagb\/forms-textarea\";i:0;s:17:\"uagb\/forms-toggle\";i:0;s:14:\"uagb\/forms-url\";i:0;s:14:\"uagb\/gf-styler\";i:0;s:15:\"uagb\/google-map\";i:0;s:11:\"uagb\/how-to\";i:0;s:16:\"uagb\/how-to-step\";i:0;s:9:\"uagb\/icon\";i:0;s:14:\"uagb\/icon-list\";i:0;s:20:\"uagb\/icon-list-child\";i:0;s:10:\"uagb\/image\";i:0;s:18:\"uagb\/image-gallery\";i:0;s:13:\"uagb\/info-box\";i:0;s:18:\"uagb\/inline-notice\";i:0;s:11:\"uagb\/lottie\";i:0;s:21:\"uagb\/marketing-button\";i:0;s:10:\"uagb\/modal\";i:0;s:18:\"uagb\/popup-builder\";i:0;s:16:\"uagb\/post-button\";i:0;s:18:\"uagb\/post-carousel\";i:0;s:17:\"uagb\/post-excerpt\";i:0;s:14:\"uagb\/post-grid\";i:0;s:15:\"uagb\/post-image\";i:0;s:17:\"uagb\/post-masonry\";i:0;s:14:\"uagb\/post-meta\";i:0;s:18:\"uagb\/post-taxonomy\";i:0;s:18:\"uagb\/post-timeline\";i:0;s:15:\"uagb\/post-title\";i:0;s:20:\"uagb\/restaurant-menu\";i:0;s:26:\"uagb\/restaurant-menu-child\";i:0;s:11:\"uagb\/review\";i:0;s:12:\"uagb\/section\";i:0;s:14:\"uagb\/separator\";i:0;s:11:\"uagb\/slider\";i:0;s:17:\"uagb\/slider-child\";i:0;s:17:\"uagb\/social-share\";i:0;s:23:\"uagb\/social-share-child\";i:0;s:16:\"uagb\/star-rating\";i:0;s:23:\"uagb\/sure-cart-checkout\";i:0;s:22:\"uagb\/sure-cart-product\";i:0;s:15:\"uagb\/sure-forms\";i:0;s:22:\"uagb\/table-of-contents\";i:0;s:9:\"uagb\/tabs\";i:0;s:15:\"uagb\/tabs-child\";i:0;s:18:\"uagb\/taxonomy-list\";i:0;s:9:\"uagb\/team\";i:0;s:16:\"uagb\/testimonial\";i:0;s:14:\"uagb\/wp-search\";i:0;s:19:\"uagb\/instagram-feed\";i:0;s:10:\"uagb\/login\";i:0;s:17:\"uagb\/loop-builder\";i:0;s:18:\"uagb\/loop-category\";i:0;s:20:\"uagb\/loop-pagination\";i:0;s:15:\"uagb\/loop-reset\";i:0;s:16:\"uagb\/loop-search\";i:0;s:14:\"uagb\/loop-sort\";i:0;s:17:\"uagb\/loop-wrapper\";i:0;s:13:\"uagb\/register\";i:0;s:19:\"uagb\/register-email\";i:0;s:24:\"uagb\/register-first-name\";i:0;s:23:\"uagb\/register-last-name\";i:0;s:22:\"uagb\/register-password\";i:0;s:30:\"uagb\/register-reenter-password\";i:0;s:19:\"uagb\/register-terms\";i:0;s:22:\"uagb\/register-username\";i:0;}"],"_backorders":["no"],"_download_limit":["-1"],"_download_expiry":["-1"],"_downloadable":["no"],"_manage_stock":["no"],"_stock_status":["instock"],"_sold_individually":["yes"],"_tax_class":[""],"_tax_status":["taxable"],"_virtual":["yes"],"total_sales":["0"],"_regular_price":["60"],"_price":["60"],"stick-header-meta":["default"],"site-sidebar-layout":["default"],"theme-transparent-header-meta":["default"],"_tipo_de_curso":["field_695e2b4b50cfa"],"modulo_tiempo":["1,5h"],"_modulo_tiempo":["field_695538595c76c"],"duracion":["1,5h"],"_duracion":["field_695536b923d5f"],"_idioma":["field_695536d923d60"],"_tipo":["field_6955371323d61"],"numero_de_modulo":["4"],"_numero_de_modulo":["field_696f8d6d2e89b"],"modulos":[""],"_modulos":["field_695dd1762eaf7"],"_sesiones":["field_6955374723d63"],"_incluye":["field_6955373e23d62"],"_relacion_curso":["field_695537fbd46ea"],"_top_nav_excluded":[""],"_cms_nav_minihome":[""],"tipo_de_curso":["modulo"],"idioma":["catalan"],"tipo":["online"],"sesiones":["<ul>\r\n \t<li>Qu\u00e8 \u00e9s un fons d'inversi\u00f3?<\/li>\r\n \t<li>Tipus de gesti\u00f3<\/li>\r\n \t<li>Qu\u00e8 \u00e9s un ETF?<\/li>\r\n \t<li>Classificaci\u00f3 dels fons d'inversi\u00f3<\/li>\r\n \t<li>M\u00e8triques de valoraci\u00f3 i seguiment<\/li>\r\n<\/ul>"],"incluye":["<ul role=\"list\">\r\n \t<li>10 M\u00f2duls<\/li>\r\n \t<li>Sessions gravades<\/li>\r\n \t<li>Xat de preguntes<\/li>\r\n<\/ul>"],"_last_translation_edit_mode":["translation-editor"],"_wpml_word_count":["134"],"_smatx_moodle_id":["24"],"_smatx_start_date":["2026-01-26 07:00:00"],"_smatx_validity_period":["3 month"],"_smatx_registration_type":["auto"],"_thumbnail_id":["1056"],"_edit_lock":["1769624660:2"],"_edit_last":["2"],"_stock":[null],"_wc_average_rating":[0],"_wc_review_count":["0"],"_product_version":["10.4.3"],"plan_de_estudio":[""],"_plan_de_estudio":["field_695de4a07bfb7"],"relacion_curso":[""],"relacion_docente":["a:1:{i:0;s:3:\"995\";}"],"_relacion_docente":["field_69553814d46eb"],"cmplz_hide_cookiebanner":[""],"ast-site-content-layout":["default"],"site-content-style":["default"],"site-sidebar-style":["default"],"copied_media_ids":["a:0:{}"],"referenced_media_ids":["a:1:{i:0;i:1056;}"],"_wpml_location_migration_done":["1"],"curso_otro_idioma":["https:\/\/etd-dev.host3ip.eu\/curso\/fondos-de-inversion-y-mandatos-de-gestion\/"],"_curso_otro_idioma":["field_6978b66f765c1"],"_wcml_average_rating":[null],"_wcml_review_count":[null],"_wcml_rating_count":[null],"_wpml_media_has_media":["1"],"astra-migrate-meta-layouts":["set"],"_uag_css_file_name":["uag-css-962.css"],"_wc_rating_count":[""]},"uagb_featured_image_src":{"full":["https:\/\/etd-dev.host3ip.eu\/wp-content\/uploads\/m6.png",1920,540,false],"thumbnail":["https:\/\/etd-dev.host3ip.eu\/wp-content\/uploads\/m6-300x84.png",300,84,true],"medium":["https:\/\/etd-dev.host3ip.eu\/wp-content\/uploads\/m6-800x225.png",800,225,true],"medium_large":["https:\/\/etd-dev.host3ip.eu\/wp-content\/uploads\/m6-768x216.png",768,216,true],"large":["https:\/\/etd-dev.host3ip.eu\/wp-content\/uploads\/m6.png",1920,540,false],"1536x1536":["https:\/\/etd-dev.host3ip.eu\/wp-content\/uploads\/m6-1536x432.png",1536,432,true],"2048x2048":["https:\/\/etd-dev.host3ip.eu\/wp-content\/uploads\/m6.png",1920,540,false],"woocommerce_thumbnail":["https:\/\/etd-dev.host3ip.eu\/wp-content\/uploads\/m6-300x300.png",300,300,true],"woocommerce_single":["https:\/\/etd-dev.host3ip.eu\/wp-content\/uploads\/m6-600x169.png",600,169,true],"woocommerce_gallery_thumbnail":["https:\/\/etd-dev.host3ip.eu\/wp-content\/uploads\/m6-100x100.png",100,100,true]},"uagb_author_info":{"display_name":"joanraez","author_link":"#"},"uagb_comment_info":0,"uagb_excerpt":"Aquest curs t'ajudar\u00e0 a entendre com funcionen els fons d'inversi\u00f3 i els mandats de gesti\u00f3, i quan t\u00e9 sentit delegar la gesti\u00f3 a professionals.","_links":{"self":[{"href":"https:\/\/etd-dev.host3ip.eu\/ca\/wp-json\/wp\/v2\/product\/962","targetHints":{"allow":["GET"]}}],"collection":[{"href":"https:\/\/etd-dev.host3ip.eu\/ca\/wp-json\/wp\/v2\/product"}],"about":[{"href":"https:\/\/etd-dev.host3ip.eu\/ca\/wp-json\/wp\/v2\/types\/product"}],"replies":[{"embeddable":true,"href":"https:\/\/etd-dev.host3ip.eu\/ca\/wp-json\/wp\/v2\/comments?post=962"}],"wp:featuredmedia":[{"embeddable":true,"href":"https:\/\/etd-dev.host3ip.eu\/ca\/wp-json\/wp\/v2\/media\/1056"}],"wp:attachment":[{"href":"https:\/\/etd-dev.host3ip.eu\/ca\/wp-json\/wp\/v2\/media?parent=962"}],"wp:term":[{"taxonomy":"tipo","embeddable":true,"href":"https:\/\/etd-dev.host3ip.eu\/ca\/wp-json\/wp\/v2\/tipo?post=962"},{"taxonomy":"product_brand","embeddable":true,"href":"https:\/\/etd-dev.host3ip.eu\/ca\/wp-json\/wp\/v2\/product_brand?post=962"},{"taxonomy":"product_cat","embeddable":true,"href":"https:\/\/etd-dev.host3ip.eu\/ca\/wp-json\/wp\/v2\/product_cat?post=962"},{"taxonomy":"product_tag","embeddable":true,"href":"https:\/\/etd-dev.host3ip.eu\/ca\/wp-json\/wp\/v2\/product_tag?post=962"}],"curies":[{"name":"wp","href":"https:\/\/api.w.org\/{rel}","templated":true}]}}